{"id":11,"date":"2018-01-10T15:36:34","date_gmt":"2018-01-10T14:36:34","guid":{"rendered":"https:\/\/boutique.francois-golla.com\/?page_id=11"},"modified":"2020-07-05T11:47:09","modified_gmt":"2020-07-05T10:47:09","slug":"bienvenue","status":"publish","type":"page","link":"https:\/\/boutique.francois-golla.com\/?page_id=11","title":{"rendered":"Boutique du Boeuf Rouge Niederschaeffolsheim"},"content":{"rendered":"<p>Bienvenue dans la boutique en ligne de Fran\u00e7ois Golla,\u00a0 \u00e0 deux pas de la Ville de Haguenau, ville de tradition, de culture et d\u2019histoire, \u00e0 20 mn de la Capitale europ\u00e9enne Strasbourg et 30 mn de Saverne et de son riche patrimoine, le B\u0153uf Rouge est id\u00e9alement situ\u00e9 pour offrir \u00e0 quiconque vient ou vit en Alsace un rare moment o\u00f9 la gastronomie, le d\u00e9cor et la gentillesse du personnel contribuent \u00e9galement au bien-\u00eatre de l\u2019instant.<\/p>\n","protected":false},"excerpt":{"rendered":"<p>Bienvenue dans la boutique en ligne de Fran\u00e7ois Golla,\u00a0 \u00e0 deux pas de la Ville de Haguenau, ville de tradition, de culture et d\u2019histoire, \u00e0 20 mn de la Capitale europ\u00e9enne Strasbourg et 30 mn de Saverne et de son riche patrimoine, le B\u0153uf Rouge est id\u00e9alement situ\u00e9 pour offrir \u00e0 quiconque vient ou vit [&hellip;]<\/p>\n","protected":false},"author":1,"featured_media":0,"parent":0,"menu_order":0,"comment_status":"closed","ping_status":"closed","template":"template-homepage.php","meta":{"jetpack_post_was_ever_published":false,"footnotes":""},"class_list":["post-11","page","type-page","status-publish","hentry"],"jetpack_sharing_enabled":false,"jetpack_shortlink":"https:\/\/wp.me\/P9xGlf-b","_links":{"self":[{"href":"https:\/\/boutique.francois-golla.com\/index.php?rest_route=\/wp\/v2\/pages\/11","targetHints":{"allow":["GET"]}}],"collection":[{"href":"https:\/\/boutique.francois-golla.com\/index.php?rest_route=\/wp\/v2\/pages"}],"about":[{"href":"https:\/\/boutique.francois-golla.com\/index.php?rest_route=\/wp\/v2\/types\/page"}],"author":[{"embeddable":true,"href":"https:\/\/boutique.francois-golla.com\/index.php?rest_route=\/wp\/v2\/users\/1"}],"replies":[{"embeddable":true,"href":"https:\/\/boutique.francois-golla.com\/index.php?rest_route=%2Fwp%2Fv2%2Fcomments&post=11"}],"version-history":[{"count":6,"href":"https:\/\/boutique.francois-golla.com\/index.php?rest_route=\/wp\/v2\/pages\/11\/revisions"}],"predecessor-version":[{"id":175,"href":"https:\/\/boutique.francois-golla.com\/index.php?rest_route=\/wp\/v2\/pages\/11\/revisions\/175"}],"wp:attachment":[{"href":"https:\/\/boutique.francois-golla.com\/index.php?rest_route=%2Fwp%2Fv2%2Fmedia&parent=11"}],"curies":[{"name":"wp","href":"https:\/\/api.w.org\/{rel}","templated":true}]}}