{"id":1138,"date":"2024-12-27T14:04:10","date_gmt":"2024-12-27T13:04:10","guid":{"rendered":"https:\/\/boutique.francois-golla.com\/?post_type=product&#038;p=1138"},"modified":"2025-12-14T15:05:57","modified_gmt":"2025-12-14T14:05:57","slug":"chambre-balneo","status":"publish","type":"product","link":"https:\/\/boutique.francois-golla.com\/?product=chambre-balneo","title":{"rendered":"Chambre Baln\u00e9o"},"content":{"rendered":"<p>R\u00e9servation obligatoire en indiquant votre num\u00e9ro de bon (sous r\u00e9serve de disponibilit\u00e9)<\/p>\n<p><strong>Taxe de s\u00e9jour \u00e0 r\u00e9gler sur place au d\u00e9part en sus<\/strong><\/p>\n<p>Photo non contractuelle<\/p>\n","protected":false},"excerpt":{"rendered":"<p><a href=\"https:\/\/boutique.francois-golla.com\/wp-content\/uploads\/2018\/01\/25440101_1520732024631359_9222534131277181159_o.jpg\"><img loading=\"lazy\" decoding=\"async\" src=\"https:\/\/boutique.francois-golla.com\/wp-content\/uploads\/2018\/01\/25440101_1520732024631359_9222534131277181159_o-300x201.jpg\" alt=\"\" width=\"300\" height=\"201\" class=\"alignnone size-medium wp-image-37\" srcset=\"https:\/\/boutique.francois-golla.com\/wp-content\/uploads\/2018\/01\/25440101_1520732024631359_9222534131277181159_o-300x201.jpg 300w, https:\/\/boutique.francois-golla.com\/wp-content\/uploads\/2018\/01\/25440101_1520732024631359_9222534131277181159_o-416x278.jpg 416w, https:\/\/boutique.francois-golla.com\/wp-content\/uploads\/2018\/01\/25440101_1520732024631359_9222534131277181159_o-768x514.jpg 768w, https:\/\/boutique.francois-golla.com\/wp-content\/uploads\/2018\/01\/25440101_1520732024631359_9222534131277181159_o-1024x685.jpg 1024w, https:\/\/boutique.francois-golla.com\/wp-content\/uploads\/2018\/01\/25440101_1520732024631359_9222534131277181159_o.jpg 2048w\" sizes=\"auto, (max-width: 300px) 100vw, 300px\" \/><\/a><\/p>\n","protected":false},"featured_media":1321,"template":"","meta":{"jetpack_post_was_ever_published":false,"jetpack_publicize_message":"","jetpack_publicize_feature_enabled":true,"jetpack_social_post_already_shared":true,"jetpack_social_options":{"image_generator_settings":{"template":"highway","default_image_id":0,"font":"","enabled":false},"version":2}},"product_brand":[],"product_cat":[18],"product_tag":[],"class_list":{"0":"post-1138","1":"product","2":"type-product","3":"status-publish","4":"has-post-thumbnail","6":"product_cat-non-classe","8":"first","9":"instock","10":"taxable","11":"shipping-taxable","12":"purchasable","13":"product-type-simple"},"jetpack_publicize_connections":[],"jetpack_sharing_enabled":true,"_links":{"self":[{"href":"https:\/\/boutique.francois-golla.com\/index.php?rest_route=\/wp\/v2\/product\/1138","targetHints":{"allow":["GET"]}}],"collection":[{"href":"https:\/\/boutique.francois-golla.com\/index.php?rest_route=\/wp\/v2\/product"}],"about":[{"href":"https:\/\/boutique.francois-golla.com\/index.php?rest_route=\/wp\/v2\/types\/product"}],"wp:featuredmedia":[{"embeddable":true,"href":"https:\/\/boutique.francois-golla.com\/index.php?rest_route=\/wp\/v2\/media\/1321"}],"wp:attachment":[{"href":"https:\/\/boutique.francois-golla.com\/index.php?rest_route=%2Fwp%2Fv2%2Fmedia&parent=1138"}],"wp:term":[{"taxonomy":"product_brand","embeddable":true,"href":"https:\/\/boutique.francois-golla.com\/index.php?rest_route=%2Fwp%2Fv2%2Fproduct_brand&post=1138"},{"taxonomy":"product_cat","embeddable":true,"href":"https:\/\/boutique.francois-golla.com\/index.php?rest_route=%2Fwp%2Fv2%2Fproduct_cat&post=1138"},{"taxonomy":"product_tag","embeddable":true,"href":"https:\/\/boutique.francois-golla.com\/index.php?rest_route=%2Fwp%2Fv2%2Fproduct_tag&post=1138"}],"curies":[{"name":"wp","href":"https:\/\/api.w.org\/{rel}","templated":true}]}}