{"id":1320,"date":"2025-09-05T22:27:59","date_gmt":"2025-09-05T21:27:59","guid":{"rendered":"https:\/\/boutique.francois-golla.com\/?post_type=product&#038;p=1320"},"modified":"2025-09-06T10:00:34","modified_gmt":"2025-09-06T09:00:34","slug":"accueil-vip","status":"publish","type":"product","link":"https:\/\/boutique.francois-golla.com\/?product=accueil-vip","title":{"rendered":"ACCUEIL VIP"},"content":{"rendered":"<p>Le petit plus \u2026 Un \u00e9v\u00e9nement \u00e0 f\u00eater ?<br \/>\nACCUEIL VIP<br \/>\nBouteille de Cr\u00e9mant Stoeffler (75 cl) en chambre \u00e0 votre arriv\u00e9e<br \/>\n1 boite de chocolats de la maison Valrhona (16 pces)<br \/>\nCarte personnalis\u00e9e (anniversaire de mariage, anniversaire\u2026 \u00e0 vous de nous dire \u2026.)<br \/>\n<a href=\"https:\/\/boutique.francois-golla.com\/wp-content\/uploads\/2020\/06\/DSC_0557-scaled.jpg\"><img loading=\"lazy\" decoding=\"async\" src=\"https:\/\/boutique.francois-golla.com\/wp-content\/uploads\/2020\/06\/DSC_0557-300x300.jpg\" alt=\"\" width=\"300\" height=\"300\" class=\"alignnone size-medium wp-image-117\" srcset=\"https:\/\/boutique.francois-golla.com\/wp-content\/uploads\/2020\/06\/DSC_0557-300x300.jpg 300w, https:\/\/boutique.francois-golla.com\/wp-content\/uploads\/2020\/06\/DSC_0557-1024x1024.jpg 1024w, https:\/\/boutique.francois-golla.com\/wp-content\/uploads\/2020\/06\/DSC_0557-150x150.jpg 150w, https:\/\/boutique.francois-golla.com\/wp-content\/uploads\/2020\/06\/DSC_0557-768x768.jpg 768w, https:\/\/boutique.francois-golla.com\/wp-content\/uploads\/2020\/06\/DSC_0557-1536x1536.jpg 1536w, https:\/\/boutique.francois-golla.com\/wp-content\/uploads\/2020\/06\/DSC_0557-2048x2048.jpg 2048w, https:\/\/boutique.francois-golla.com\/wp-content\/uploads\/2020\/06\/DSC_0557-324x324.jpg 324w, https:\/\/boutique.francois-golla.com\/wp-content\/uploads\/2020\/06\/DSC_0557-416x416.jpg 416w, https:\/\/boutique.francois-golla.com\/wp-content\/uploads\/2020\/06\/DSC_0557-100x100.jpg 100w\" sizes=\"auto, (max-width: 300px) 100vw, 300px\" \/><\/a><\/p>\n","protected":false},"excerpt":{"rendered":"<p><a href=\"https:\/\/boutique.francois-golla.com\/wp-content\/uploads\/2020\/08\/pe\u0301tales.jpeg\"><img loading=\"lazy\" decoding=\"async\" src=\"https:\/\/boutique.francois-golla.com\/wp-content\/uploads\/2020\/08\/pe\u0301tales.jpeg\" alt=\"\" width=\"225\" height=\"225\" class=\"alignnone size-full wp-image-211\" srcset=\"https:\/\/boutique.francois-golla.com\/wp-content\/uploads\/2020\/08\/pe\u0301tales.jpeg 225w, https:\/\/boutique.francois-golla.com\/wp-content\/uploads\/2020\/08\/pe\u0301tales-150x150.jpeg 150w, https:\/\/boutique.francois-golla.com\/wp-content\/uploads\/2020\/08\/pe\u0301tales-100x100.jpeg 100w\" sizes=\"auto, (max-width: 225px) 100vw, 225px\" \/><\/a><\/p>\n","protected":false},"featured_media":108,"template":"","meta":{"jetpack_post_was_ever_published":false,"jetpack_publicize_message":"","jetpack_publicize_feature_enabled":true,"jetpack_social_post_already_shared":true,"jetpack_social_options":{"image_generator_settings":{"template":"highway","default_image_id":0,"font":"","enabled":false},"version":2}},"product_brand":[],"product_cat":[20],"product_tag":[],"class_list":{"0":"post-1320","1":"product","2":"type-product","3":"status-publish","4":"has-post-thumbnail","6":"product_cat-chambres","8":"first","9":"instock","10":"taxable","11":"shipping-taxable","12":"purchasable","13":"product-type-simple"},"jetpack_publicize_connections":[],"jetpack_sharing_enabled":true,"_links":{"self":[{"href":"https:\/\/boutique.francois-golla.com\/index.php?rest_route=\/wp\/v2\/product\/1320","targetHints":{"allow":["GET"]}}],"collection":[{"href":"https:\/\/boutique.francois-golla.com\/index.php?rest_route=\/wp\/v2\/product"}],"about":[{"href":"https:\/\/boutique.francois-golla.com\/index.php?rest_route=\/wp\/v2\/types\/product"}],"wp:featuredmedia":[{"embeddable":true,"href":"https:\/\/boutique.francois-golla.com\/index.php?rest_route=\/wp\/v2\/media\/108"}],"wp:attachment":[{"href":"https:\/\/boutique.francois-golla.com\/index.php?rest_route=%2Fwp%2Fv2%2Fmedia&parent=1320"}],"wp:term":[{"taxonomy":"product_brand","embeddable":true,"href":"https:\/\/boutique.francois-golla.com\/index.php?rest_route=%2Fwp%2Fv2%2Fproduct_brand&post=1320"},{"taxonomy":"product_cat","embeddable":true,"href":"https:\/\/boutique.francois-golla.com\/index.php?rest_route=%2Fwp%2Fv2%2Fproduct_cat&post=1320"},{"taxonomy":"product_tag","embeddable":true,"href":"https:\/\/boutique.francois-golla.com\/index.php?rest_route=%2Fwp%2Fv2%2Fproduct_tag&post=1320"}],"curies":[{"name":"wp","href":"https:\/\/api.w.org\/{rel}","templated":true}]}}