{"id":176,"date":"2020-07-05T16:38:56","date_gmt":"2020-07-05T15:38:56","guid":{"rendered":"https:\/\/boutique.francois-golla.com\/?post_type=product&#038;p=176"},"modified":"2026-03-29T10:12:44","modified_gmt":"2026-03-29T09:12:44","slug":"menu-retour-du-marche","status":"publish","type":"product","link":"https:\/\/boutique.francois-golla.com\/?product=menu-retour-du-marche","title":{"rendered":"Menu Retour du March\u00e9"},"content":{"rendered":"<p>Photo non contractuelle<br \/>\nR\u00e9servation obligatoire en indiquant votre num\u00e9ro de bon (sous r\u00e9serve de disponibilit\u00e9)<\/p>\n","protected":false},"excerpt":{"rendered":"<p>Prix par personne.<br \/>\n<strong>Menu non disponible le dimanche et les jours f\u00e9ri\u00e9s<\/strong><\/p>\n<p><strong>Des mets inspir\u00e9s des terroirs Alsaciens ou d\u2019ailleurs, en version traditionnelle ou revisit\u00e9e :<\/strong><br \/>\nUn amuse bouche,<br \/>\nEntr\u00e9e,<br \/>\nUn poisson,<br \/>\nUne viande,<br \/>\nLes fromages ou le dessert<br \/>\nLes mignardises<\/p>\n","protected":false},"featured_media":41,"template":"","meta":{"jetpack_post_was_ever_published":true,"jetpack_publicize_message":"","jetpack_publicize_feature_enabled":true,"jetpack_social_post_already_shared":true,"jetpack_social_options":{"image_generator_settings":{"template":"highway","default_image_id":0,"font":"","enabled":false},"version":2}},"product_brand":[],"product_cat":[15],"product_tag":[],"class_list":{"0":"post-176","1":"product","2":"type-product","3":"status-publish","4":"has-post-thumbnail","6":"product_cat-menus","8":"first","9":"onbackorder","10":"taxable","11":"shipping-taxable","12":"purchasable","13":"product-type-simple"},"jetpack_publicize_connections":[],"jetpack_sharing_enabled":true,"_links":{"self":[{"href":"https:\/\/boutique.francois-golla.com\/index.php?rest_route=\/wp\/v2\/product\/176","targetHints":{"allow":["GET"]}}],"collection":[{"href":"https:\/\/boutique.francois-golla.com\/index.php?rest_route=\/wp\/v2\/product"}],"about":[{"href":"https:\/\/boutique.francois-golla.com\/index.php?rest_route=\/wp\/v2\/types\/product"}],"wp:featuredmedia":[{"embeddable":true,"href":"https:\/\/boutique.francois-golla.com\/index.php?rest_route=\/wp\/v2\/media\/41"}],"wp:attachment":[{"href":"https:\/\/boutique.francois-golla.com\/index.php?rest_route=%2Fwp%2Fv2%2Fmedia&parent=176"}],"wp:term":[{"taxonomy":"product_brand","embeddable":true,"href":"https:\/\/boutique.francois-golla.com\/index.php?rest_route=%2Fwp%2Fv2%2Fproduct_brand&post=176"},{"taxonomy":"product_cat","embeddable":true,"href":"https:\/\/boutique.francois-golla.com\/index.php?rest_route=%2Fwp%2Fv2%2Fproduct_cat&post=176"},{"taxonomy":"product_tag","embeddable":true,"href":"https:\/\/boutique.francois-golla.com\/index.php?rest_route=%2Fwp%2Fv2%2Fproduct_tag&post=176"}],"curies":[{"name":"wp","href":"https:\/\/api.w.org\/{rel}","templated":true}]}}