{"id":178,"date":"2020-07-05T16:43:14","date_gmt":"2020-07-05T15:43:14","guid":{"rendered":"https:\/\/boutique.francois-golla.com\/?post_type=product&#038;p=178"},"modified":"2026-03-29T09:58:41","modified_gmt":"2026-03-29T08:58:41","slug":"menu-invitation-aux-degustations","status":"publish","type":"product","link":"https:\/\/boutique.francois-golla.com\/?product=menu-invitation-aux-degustations","title":{"rendered":"Menu Invitation aux D\u00e9couvertes"},"content":{"rendered":"<p>Photo non contractuelle<br \/>\nR\u00e9servation obligatoire en indiquant votre num\u00e9ro de bon (sous r\u00e9serve de disponibilit\u00e9)<\/p>\n","protected":false},"excerpt":{"rendered":"<p>Prix par personne<\/p>\n<p><strong>Menu en quatre assiettes dans les classiques de la maison et des innovations du moment :<\/strong><br \/>\nUn amuse bouche,<br \/>\nDeux ou trois choix d\u2019entr\u00e9e ou de poisson,<br \/>\nDeux ou trois choix de viande ou poisson,<br \/>\nDeux ou trois choix de desserts ou les fromages frais et affin\u00e9s,<br \/>\nLes mignardises.<\/p>\n","protected":false},"featured_media":179,"template":"","meta":{"jetpack_post_was_ever_published":false,"jetpack_publicize_message":"","jetpack_publicize_feature_enabled":true,"jetpack_social_post_already_shared":true,"jetpack_social_options":{"image_generator_settings":{"template":"highway","default_image_id":0,"font":"","enabled":false},"version":2}},"product_brand":[],"product_cat":[15],"product_tag":[],"class_list":{"0":"post-178","1":"product","2":"type-product","3":"status-publish","4":"has-post-thumbnail","6":"product_cat-menus","8":"first","9":"instock","10":"taxable","11":"shipping-taxable","12":"purchasable","13":"product-type-simple"},"jetpack_publicize_connections":[],"jetpack_sharing_enabled":true,"_links":{"self":[{"href":"https:\/\/boutique.francois-golla.com\/index.php?rest_route=\/wp\/v2\/product\/178","targetHints":{"allow":["GET"]}}],"collection":[{"href":"https:\/\/boutique.francois-golla.com\/index.php?rest_route=\/wp\/v2\/product"}],"about":[{"href":"https:\/\/boutique.francois-golla.com\/index.php?rest_route=\/wp\/v2\/types\/product"}],"wp:featuredmedia":[{"embeddable":true,"href":"https:\/\/boutique.francois-golla.com\/index.php?rest_route=\/wp\/v2\/media\/179"}],"wp:attachment":[{"href":"https:\/\/boutique.francois-golla.com\/index.php?rest_route=%2Fwp%2Fv2%2Fmedia&parent=178"}],"wp:term":[{"taxonomy":"product_brand","embeddable":true,"href":"https:\/\/boutique.francois-golla.com\/index.php?rest_route=%2Fwp%2Fv2%2Fproduct_brand&post=178"},{"taxonomy":"product_cat","embeddable":true,"href":"https:\/\/boutique.francois-golla.com\/index.php?rest_route=%2Fwp%2Fv2%2Fproduct_cat&post=178"},{"taxonomy":"product_tag","embeddable":true,"href":"https:\/\/boutique.francois-golla.com\/index.php?rest_route=%2Fwp%2Fv2%2Fproduct_tag&post=178"}],"curies":[{"name":"wp","href":"https:\/\/api.w.org\/{rel}","templated":true}]}}