{"id":183,"date":"2020-07-05T16:53:46","date_gmt":"2020-07-05T15:53:46","guid":{"rendered":"https:\/\/boutique.francois-golla.com\/?post_type=product&#038;p=183"},"modified":"2020-08-21T15:36:40","modified_gmt":"2020-08-21T14:36:40","slug":"le-bon-cadeau-by-golla","status":"publish","type":"product","link":"https:\/\/boutique.francois-golla.com\/?product=le-bon-cadeau-by-golla","title":{"rendered":"Le bon cadeau by Golla"},"content":{"rendered":"","protected":false},"excerpt":{"rendered":"<p>A vous de d\u00e9finir le montant attribu\u00e9 qui sera d\u00e9duit de votre note de restaurant.<\/p>\n<p>R\u00e9servation obligatoire en indiquant votre num\u00e9ro de bon (sous r\u00e9serve de disponibilit\u00e9)<\/p>\n","protected":false},"featured_media":128,"template":"","meta":{"jetpack_post_was_ever_published":false,"jetpack_publicize_message":"","jetpack_publicize_feature_enabled":true,"jetpack_social_post_already_shared":true,"jetpack_social_options":{"image_generator_settings":{"template":"highway","default_image_id":0,"font":"","enabled":false},"version":2}},"product_brand":[],"product_cat":[25,15,21],"product_tag":[],"class_list":{"0":"post-183","1":"product","2":"type-product","3":"status-publish","4":"has-post-thumbnail","6":"product_cat-les-coups-de-coeur-de-catherine","7":"product_cat-menus","8":"product_cat-plaisirs-golla","10":"first","11":"instock","12":"taxable","13":"shipping-taxable","14":"purchasable","15":"product-type-variable"},"jetpack_publicize_connections":[],"jetpack_sharing_enabled":true,"_links":{"self":[{"href":"https:\/\/boutique.francois-golla.com\/index.php?rest_route=\/wp\/v2\/product\/183","targetHints":{"allow":["GET"]}}],"collection":[{"href":"https:\/\/boutique.francois-golla.com\/index.php?rest_route=\/wp\/v2\/product"}],"about":[{"href":"https:\/\/boutique.francois-golla.com\/index.php?rest_route=\/wp\/v2\/types\/product"}],"wp:featuredmedia":[{"embeddable":true,"href":"https:\/\/boutique.francois-golla.com\/index.php?rest_route=\/wp\/v2\/media\/128"}],"wp:attachment":[{"href":"https:\/\/boutique.francois-golla.com\/index.php?rest_route=%2Fwp%2Fv2%2Fmedia&parent=183"}],"wp:term":[{"taxonomy":"product_brand","embeddable":true,"href":"https:\/\/boutique.francois-golla.com\/index.php?rest_route=%2Fwp%2Fv2%2Fproduct_brand&post=183"},{"taxonomy":"product_cat","embeddable":true,"href":"https:\/\/boutique.francois-golla.com\/index.php?rest_route=%2Fwp%2Fv2%2Fproduct_cat&post=183"},{"taxonomy":"product_tag","embeddable":true,"href":"https:\/\/boutique.francois-golla.com\/index.php?rest_route=%2Fwp%2Fv2%2Fproduct_tag&post=183"}],"curies":[{"name":"wp","href":"https:\/\/api.w.org\/{rel}","templated":true}]}}