{"id":196,"date":"2020-07-05T17:02:48","date_gmt":"2020-07-05T16:02:48","guid":{"rendered":"https:\/\/boutique.francois-golla.com\/?post_type=product&#038;p=196"},"modified":"2023-10-12T22:05:48","modified_gmt":"2023-10-12T21:05:48","slug":"forfait-boissons-prestige","status":"publish","type":"product","link":"https:\/\/boutique.francois-golla.com\/?product=forfait-boissons-prestige","title":{"rendered":"Forfait Boissons \u00ab\u00a0PRESTIGE\u00a0\u00bb"},"content":{"rendered":"<p>Photo non contractuelle<\/p>\n","protected":false},"excerpt":{"rendered":"<p>Prix par personne<\/p>\n<p>S\u00e9lection des vins faite par Anne Golla, notre sommeli\u00e8re en fonction des plats d\u00e9gust\u00e9s.<\/p>\n<p>\u2013 1 ap\u00e9ritif simple du type : Muscat, coupe de cr\u00e9mant, Bi\u00e8re, Amer, martini, Kyr vin blanc ou royal (au cr\u00e9mant d\u2019Alsace)<br \/>\n<strong>Le + au Prestige<\/strong> avec 1 choix \u00e9galement dans des ap\u00e9ritifs nobles : Vendanges tardives, coupe de champagne blanc, champagne ros\u00e9.<\/p>\n<p>\u2013 \u00bd bouteille de vin sur l\u2019ensemble du repas (vin blanc et\/ou vin rouge en fonction des plats)<br \/>\n<strong>Le + au Prestige<\/strong> vins de prestige (Cru bourgeois, Chablis, Pernand Vergellesses\u2026)<\/p>\n<p>\u2013 \u00bd bouteille d\u2019eau plate ou p\u00e9tillante<br \/>\n\u2013 1 boisson chaude<\/p>\n","protected":false},"featured_media":220,"template":"","meta":{"jetpack_post_was_ever_published":false,"jetpack_publicize_message":"","jetpack_publicize_feature_enabled":true,"jetpack_social_post_already_shared":true,"jetpack_social_options":{"image_generator_settings":{"template":"highway","default_image_id":0,"font":"","enabled":false},"version":2}},"product_brand":[],"product_cat":[19],"product_tag":[],"class_list":{"0":"post-196","1":"product","2":"type-product","3":"status-publish","4":"has-post-thumbnail","6":"product_cat-forfait-boissons","8":"first","9":"instock","10":"taxable","11":"shipping-taxable","12":"purchasable","13":"product-type-simple"},"jetpack_publicize_connections":[],"jetpack_sharing_enabled":true,"_links":{"self":[{"href":"https:\/\/boutique.francois-golla.com\/index.php?rest_route=\/wp\/v2\/product\/196","targetHints":{"allow":["GET"]}}],"collection":[{"href":"https:\/\/boutique.francois-golla.com\/index.php?rest_route=\/wp\/v2\/product"}],"about":[{"href":"https:\/\/boutique.francois-golla.com\/index.php?rest_route=\/wp\/v2\/types\/product"}],"wp:featuredmedia":[{"embeddable":true,"href":"https:\/\/boutique.francois-golla.com\/index.php?rest_route=\/wp\/v2\/media\/220"}],"wp:attachment":[{"href":"https:\/\/boutique.francois-golla.com\/index.php?rest_route=%2Fwp%2Fv2%2Fmedia&parent=196"}],"wp:term":[{"taxonomy":"product_brand","embeddable":true,"href":"https:\/\/boutique.francois-golla.com\/index.php?rest_route=%2Fwp%2Fv2%2Fproduct_brand&post=196"},{"taxonomy":"product_cat","embeddable":true,"href":"https:\/\/boutique.francois-golla.com\/index.php?rest_route=%2Fwp%2Fv2%2Fproduct_cat&post=196"},{"taxonomy":"product_tag","embeddable":true,"href":"https:\/\/boutique.francois-golla.com\/index.php?rest_route=%2Fwp%2Fv2%2Fproduct_tag&post=196"}],"curies":[{"name":"wp","href":"https:\/\/api.w.org\/{rel}","templated":true}]}}