{"id":59,"date":"2020-06-24T10:19:52","date_gmt":"2020-06-24T09:19:52","guid":{"rendered":"https:\/\/boutique.francois-golla.com\/?post_type=product&#038;p=59"},"modified":"2025-12-14T15:07:02","modified_gmt":"2025-12-14T14:07:02","slug":"la-chambre-junior","status":"publish","type":"product","link":"https:\/\/boutique.francois-golla.com\/?product=la-chambre-junior","title":{"rendered":"La chambre junior"},"content":{"rendered":"<p>R\u00e9servation obligatoire en indiquant votre num\u00e9ro de bon (sous r\u00e9serve de disponibilit\u00e9)<\/p>\n<p><strong>Taxe de s\u00e9jour \u00e0 r\u00e9gler sur place au d\u00e9part en sus<\/strong><\/p>\n<p>Photo non contractuelle<\/p>\n","protected":false},"excerpt":{"rendered":"<p>Situ\u00e9 \u00e0 moins de 20 minutes de Strasbourg, le Boeuf Rouge offre, bien loin des bruits de la ville, un h\u00e9bergement de haute qualit\u00e9 o\u00f9 la tranquillit\u00e9 et le confort le disputent au charme de chambres de caract\u00e8re.<\/p>\n<p>A l&rsquo;oppos\u00e9\u00a0de ces chaines standardis\u00e9es, le Boeuf Rouge a choisi de mettre \u00e0 l&rsquo;honneur des personnalit\u00e9s Alsacienne&#8230;<\/p>\n<p>Quand on s&rsquo;appelle le Boeuf rouge et qu&rsquo;on propose une cuisine d&rsquo;exception, gageons qu&rsquo;on ne peut d\u00e9finitivement pas se satisfaire de chambres sans saveur !<\/p>\n<ul>\n<li>Climatis\u00e9e<\/li>\n<li>Terrasse privative<\/li>\n<li>Bassin naturel<\/li>\n<li>Equip\u00e9e de machine \u00e0 caf\u00e9, coffre-fort, r\u00e9frig\u00e9rateur, wi-fi, s\u00e8che-cheveux, toilettes s\u00e9par\u00e9s, grand \u00e9cran plat<\/li>\n<li>6 chambres junior toutes diff\u00e9rentes<\/li>\n<li>Parking gratuit<\/li>\n<\/ul>\n","protected":false},"featured_media":42,"template":"","meta":{"jetpack_post_was_ever_published":false,"jetpack_publicize_message":"","jetpack_publicize_feature_enabled":true,"jetpack_social_post_already_shared":true,"jetpack_social_options":{"image_generator_settings":{"template":"highway","default_image_id":0,"font":"","enabled":false},"version":2}},"product_brand":[],"product_cat":[20],"product_tag":[],"class_list":{"0":"post-59","1":"product","2":"type-product","3":"status-publish","4":"has-post-thumbnail","6":"product_cat-chambres","8":"first","9":"instock","10":"taxable","11":"shipping-taxable","12":"purchasable","13":"product-type-simple"},"jetpack_publicize_connections":[],"jetpack_sharing_enabled":true,"_links":{"self":[{"href":"https:\/\/boutique.francois-golla.com\/index.php?rest_route=\/wp\/v2\/product\/59","targetHints":{"allow":["GET"]}}],"collection":[{"href":"https:\/\/boutique.francois-golla.com\/index.php?rest_route=\/wp\/v2\/product"}],"about":[{"href":"https:\/\/boutique.francois-golla.com\/index.php?rest_route=\/wp\/v2\/types\/product"}],"wp:featuredmedia":[{"embeddable":true,"href":"https:\/\/boutique.francois-golla.com\/index.php?rest_route=\/wp\/v2\/media\/42"}],"wp:attachment":[{"href":"https:\/\/boutique.francois-golla.com\/index.php?rest_route=%2Fwp%2Fv2%2Fmedia&parent=59"}],"wp:term":[{"taxonomy":"product_brand","embeddable":true,"href":"https:\/\/boutique.francois-golla.com\/index.php?rest_route=%2Fwp%2Fv2%2Fproduct_brand&post=59"},{"taxonomy":"product_cat","embeddable":true,"href":"https:\/\/boutique.francois-golla.com\/index.php?rest_route=%2Fwp%2Fv2%2Fproduct_cat&post=59"},{"taxonomy":"product_tag","embeddable":true,"href":"https:\/\/boutique.francois-golla.com\/index.php?rest_route=%2Fwp%2Fv2%2Fproduct_tag&post=59"}],"curies":[{"name":"wp","href":"https:\/\/api.w.org\/{rel}","templated":true}]}}