{"id":61,"date":"2020-06-24T10:38:15","date_gmt":"2020-06-24T09:38:15","guid":{"rendered":"https:\/\/boutique.francois-golla.com\/?post_type=product&#038;p=61"},"modified":"2024-12-10T22:12:47","modified_gmt":"2024-12-10T21:12:47","slug":"le-foie-gras-doie-mi-cuit-au-torchon","status":"publish","type":"product","link":"https:\/\/boutique.francois-golla.com\/?product=le-foie-gras-doie-mi-cuit-au-torchon","title":{"rendered":"Le foie gras d&rsquo;oie mi-cuit au torchon part de100 grs"},"content":{"rendered":"<p>Sur r\u00e9servation 24h \u00e0 l&rsquo;avance<\/p>\n<p>R\u00e9servation obligatoire en indiquant votre num\u00e9ro de bon (sous r\u00e9serve de disponibilit\u00e9)<br \/>\nenl\u00e8vement \u00e0 Niederschaeffolsheim pas d&rsquo;envoi postal possible <\/p>\n<p>Photo non contractuelle<\/p>\n","protected":false},"excerpt":{"rendered":"<p>Portion de 100 grs de foie gras\u00a0 (sous vide)<\/p>\n","protected":false},"featured_media":123,"template":"","meta":{"jetpack_post_was_ever_published":false,"jetpack_publicize_message":"","jetpack_publicize_feature_enabled":true,"jetpack_social_post_already_shared":true,"jetpack_social_options":{"image_generator_settings":{"template":"highway","default_image_id":0,"font":"","enabled":false},"version":2}},"product_brand":[],"product_cat":[23],"product_tag":[],"class_list":{"0":"post-61","1":"product","2":"type-product","3":"status-publish","4":"has-post-thumbnail","6":"product_cat-coups-de-la-cuisine","8":"first","9":"instock","10":"taxable","11":"shipping-taxable","12":"purchasable","13":"product-type-simple"},"jetpack_publicize_connections":[],"jetpack_sharing_enabled":true,"_links":{"self":[{"href":"https:\/\/boutique.francois-golla.com\/index.php?rest_route=\/wp\/v2\/product\/61","targetHints":{"allow":["GET"]}}],"collection":[{"href":"https:\/\/boutique.francois-golla.com\/index.php?rest_route=\/wp\/v2\/product"}],"about":[{"href":"https:\/\/boutique.francois-golla.com\/index.php?rest_route=\/wp\/v2\/types\/product"}],"wp:featuredmedia":[{"embeddable":true,"href":"https:\/\/boutique.francois-golla.com\/index.php?rest_route=\/wp\/v2\/media\/123"}],"wp:attachment":[{"href":"https:\/\/boutique.francois-golla.com\/index.php?rest_route=%2Fwp%2Fv2%2Fmedia&parent=61"}],"wp:term":[{"taxonomy":"product_brand","embeddable":true,"href":"https:\/\/boutique.francois-golla.com\/index.php?rest_route=%2Fwp%2Fv2%2Fproduct_brand&post=61"},{"taxonomy":"product_cat","embeddable":true,"href":"https:\/\/boutique.francois-golla.com\/index.php?rest_route=%2Fwp%2Fv2%2Fproduct_cat&post=61"},{"taxonomy":"product_tag","embeddable":true,"href":"https:\/\/boutique.francois-golla.com\/index.php?rest_route=%2Fwp%2Fv2%2Fproduct_tag&post=61"}],"curies":[{"name":"wp","href":"https:\/\/api.w.org\/{rel}","templated":true}]}}