{"id":66,"date":"2020-06-24T10:49:30","date_gmt":"2020-06-24T09:49:30","guid":{"rendered":"https:\/\/boutique.francois-golla.com\/?post_type=product&#038;p=66"},"modified":"2024-12-10T22:08:56","modified_gmt":"2024-12-10T21:08:56","slug":"la-boite-de-16-chocolats-valrhona","status":"publish","type":"product","link":"https:\/\/boutique.francois-golla.com\/?product=la-boite-de-16-chocolats-valrhona","title":{"rendered":"La boite de 16 chocolats Valrhona"},"content":{"rendered":"<p>Sur r\u00e9servation 24h \u00e0 l&rsquo;avance<\/p>\n<p>R\u00e9servation obligatoire en indiquant votre num\u00e9ro de bon (sous r\u00e9serve de disponibilit\u00e9)<br \/>\nenl\u00e8vement \u00e0 Niederschaeffolsheim pas d&rsquo;envoi postal possible <\/p>\n<p>Photo non contractuelle<\/p>\n","protected":false},"excerpt":{"rendered":"<p>Sur r\u00e9servation 24h \u00e0 l&rsquo;avance R\u00e9servation obligatoire en indiquant votre num\u00e9ro de bon (sous r\u00e9serve de disponibilit\u00e9) enl\u00e8vement \u00e0 Niederschaeffolsheim pas d&rsquo;envoi postal possible Photo non contractuelle<\/p>\n","protected":false},"featured_media":117,"template":"","meta":{"jetpack_post_was_ever_published":false,"jetpack_publicize_message":"","jetpack_publicize_feature_enabled":true,"jetpack_social_post_already_shared":true,"jetpack_social_options":{"image_generator_settings":{"template":"highway","default_image_id":0,"font":"","enabled":false},"version":2}},"product_brand":[],"product_cat":[24,21],"product_tag":[],"class_list":{"0":"post-66","1":"product","2":"type-product","3":"status-publish","4":"has-post-thumbnail","6":"product_cat-coups-de-la-patisserie","7":"product_cat-plaisirs-golla","9":"first","10":"instock","11":"taxable","12":"shipping-taxable","13":"purchasable","14":"product-type-simple"},"jetpack_publicize_connections":[],"jetpack_sharing_enabled":true,"_links":{"self":[{"href":"https:\/\/boutique.francois-golla.com\/index.php?rest_route=\/wp\/v2\/product\/66","targetHints":{"allow":["GET"]}}],"collection":[{"href":"https:\/\/boutique.francois-golla.com\/index.php?rest_route=\/wp\/v2\/product"}],"about":[{"href":"https:\/\/boutique.francois-golla.com\/index.php?rest_route=\/wp\/v2\/types\/product"}],"wp:featuredmedia":[{"embeddable":true,"href":"https:\/\/boutique.francois-golla.com\/index.php?rest_route=\/wp\/v2\/media\/117"}],"wp:attachment":[{"href":"https:\/\/boutique.francois-golla.com\/index.php?rest_route=%2Fwp%2Fv2%2Fmedia&parent=66"}],"wp:term":[{"taxonomy":"product_brand","embeddable":true,"href":"https:\/\/boutique.francois-golla.com\/index.php?rest_route=%2Fwp%2Fv2%2Fproduct_brand&post=66"},{"taxonomy":"product_cat","embeddable":true,"href":"https:\/\/boutique.francois-golla.com\/index.php?rest_route=%2Fwp%2Fv2%2Fproduct_cat&post=66"},{"taxonomy":"product_tag","embeddable":true,"href":"https:\/\/boutique.francois-golla.com\/index.php?rest_route=%2Fwp%2Fv2%2Fproduct_tag&post=66"}],"curies":[{"name":"wp","href":"https:\/\/api.w.org\/{rel}","templated":true}]}}