{"id":70,"date":"2020-06-24T10:59:51","date_gmt":"2020-06-24T09:59:51","guid":{"rendered":"https:\/\/boutique.francois-golla.com\/?post_type=product&#038;p=70"},"modified":"2024-12-10T22:16:08","modified_gmt":"2024-12-10T21:16:08","slug":"les-graines-insolites","status":"publish","type":"product","link":"https:\/\/boutique.francois-golla.com\/?product=les-graines-insolites","title":{"rendered":"Les graines insolites"},"content":{"rendered":"<p>Sur r\u00e9servation 24h \u00e0 l&rsquo;avance<\/p>\n<p>R\u00e9servation obligatoire en indiquant votre num\u00e9ro de bon (sous r\u00e9serve de disponibilit\u00e9)<br \/>\nenl\u00e8vement \u00e0 Niederschaeffolsheim  ou frais d&rsquo;envoi postal possible \u00e0 votre charge<\/p>\n<p>Photo non contractuelle<\/p>\n","protected":false},"excerpt":{"rendered":"<p>Le m\u00e9lange \u00a0digestif indien ! A d\u00e9guster apr\u00e8s le fromage Le Pan masala et Green Massala est un savant \u00ab\u00a0m\u00e9lange \u00e0 croquer\u00a0\u00bb apr\u00e8s le repas. Tr\u00e8s r\u00e9pandu en Inde, il est r\u00e9put\u00e9 pour favoriser la digestion. Ses petites rafra\u00eechissantes associ\u00e9s aux petites boules de sucre, gliss\u00e9es apr\u00e8s le fromage, permettent d\u00e9terminer un repas sur des notes douces et fra\u00eeches. Pot de 50 grs<\/p>\n<p>M\u00e9lange de graines Green Massala : Fenouil, coriandre concass\u00e9e, S\u00e9same,Saccharose<\/p>\n<p>Et Pan Massala Noix de B\u00e9tel\/fenouil, bille de sucre, Ar\u00f4me menthe Saccharine, Glucose<\/p>\n","protected":false},"featured_media":113,"template":"","meta":{"jetpack_post_was_ever_published":false,"jetpack_publicize_message":"","jetpack_publicize_feature_enabled":true,"jetpack_social_post_already_shared":true,"jetpack_social_options":{"image_generator_settings":{"template":"highway","default_image_id":0,"font":"","enabled":false},"version":2}},"product_brand":[],"product_cat":[25,21],"product_tag":[],"class_list":{"0":"post-70","1":"product","2":"type-product","3":"status-publish","4":"has-post-thumbnail","6":"product_cat-les-coups-de-coeur-de-catherine","7":"product_cat-plaisirs-golla","9":"first","10":"instock","11":"taxable","12":"shipping-taxable","13":"purchasable","14":"product-type-simple"},"jetpack_publicize_connections":[],"jetpack_sharing_enabled":true,"_links":{"self":[{"href":"https:\/\/boutique.francois-golla.com\/index.php?rest_route=\/wp\/v2\/product\/70","targetHints":{"allow":["GET"]}}],"collection":[{"href":"https:\/\/boutique.francois-golla.com\/index.php?rest_route=\/wp\/v2\/product"}],"about":[{"href":"https:\/\/boutique.francois-golla.com\/index.php?rest_route=\/wp\/v2\/types\/product"}],"wp:featuredmedia":[{"embeddable":true,"href":"https:\/\/boutique.francois-golla.com\/index.php?rest_route=\/wp\/v2\/media\/113"}],"wp:attachment":[{"href":"https:\/\/boutique.francois-golla.com\/index.php?rest_route=%2Fwp%2Fv2%2Fmedia&parent=70"}],"wp:term":[{"taxonomy":"product_brand","embeddable":true,"href":"https:\/\/boutique.francois-golla.com\/index.php?rest_route=%2Fwp%2Fv2%2Fproduct_brand&post=70"},{"taxonomy":"product_cat","embeddable":true,"href":"https:\/\/boutique.francois-golla.com\/index.php?rest_route=%2Fwp%2Fv2%2Fproduct_cat&post=70"},{"taxonomy":"product_tag","embeddable":true,"href":"https:\/\/boutique.francois-golla.com\/index.php?rest_route=%2Fwp%2Fv2%2Fproduct_tag&post=70"}],"curies":[{"name":"wp","href":"https:\/\/api.w.org\/{rel}","templated":true}]}}