{"id":73,"date":"2020-06-24T16:47:29","date_gmt":"2020-06-24T15:47:29","guid":{"rendered":"https:\/\/boutique.francois-golla.com\/?post_type=product&#038;p=73"},"modified":"2020-07-05T17:10:44","modified_gmt":"2020-07-05T16:10:44","slug":"la-lunch-box-isotherme-siglee","status":"publish","type":"product","link":"https:\/\/boutique.francois-golla.com\/?product=la-lunch-box-isotherme-siglee","title":{"rendered":"La  lunch box isotherme sigl\u00e9e"},"content":{"rendered":"<p>Sur r\u00e9servation 24h \u00e0 l&rsquo;avance<\/p>\n<p>R\u00e9servation obligatoire en indiquant votre num\u00e9ro de bon (sous r\u00e9serve de disponibilit\u00e9)<\/p>\n<p>Photo non contractuelle<\/p>\n","protected":false},"excerpt":{"rendered":"<p>Sur r\u00e9servation 24h \u00e0 l&rsquo;avance R\u00e9servation obligatoire en indiquant votre num\u00e9ro de bon (sous r\u00e9serve de disponibilit\u00e9) Photo non contractuelle<\/p>\n","protected":false},"featured_media":0,"template":"","meta":{"jetpack_post_was_ever_published":false,"jetpack_publicize_message":"","jetpack_publicize_feature_enabled":true,"jetpack_social_post_already_shared":true,"jetpack_social_options":{"image_generator_settings":{"template":"highway","default_image_id":0,"font":"","enabled":false},"version":2}},"product_brand":[],"product_cat":[25],"product_tag":[],"class_list":{"0":"post-73","1":"product","2":"type-product","3":"status-publish","5":"product_cat-les-coups-de-coeur-de-catherine","7":"first","8":"instock","9":"taxable","10":"shipping-taxable","11":"purchasable","12":"product-type-simple"},"jetpack_publicize_connections":[],"jetpack_sharing_enabled":true,"_links":{"self":[{"href":"https:\/\/boutique.francois-golla.com\/index.php?rest_route=\/wp\/v2\/product\/73","targetHints":{"allow":["GET"]}}],"collection":[{"href":"https:\/\/boutique.francois-golla.com\/index.php?rest_route=\/wp\/v2\/product"}],"about":[{"href":"https:\/\/boutique.francois-golla.com\/index.php?rest_route=\/wp\/v2\/types\/product"}],"wp:attachment":[{"href":"https:\/\/boutique.francois-golla.com\/index.php?rest_route=%2Fwp%2Fv2%2Fmedia&parent=73"}],"wp:term":[{"taxonomy":"product_brand","embeddable":true,"href":"https:\/\/boutique.francois-golla.com\/index.php?rest_route=%2Fwp%2Fv2%2Fproduct_brand&post=73"},{"taxonomy":"product_cat","embeddable":true,"href":"https:\/\/boutique.francois-golla.com\/index.php?rest_route=%2Fwp%2Fv2%2Fproduct_cat&post=73"},{"taxonomy":"product_tag","embeddable":true,"href":"https:\/\/boutique.francois-golla.com\/index.php?rest_route=%2Fwp%2Fv2%2Fproduct_tag&post=73"}],"curies":[{"name":"wp","href":"https:\/\/api.w.org\/{rel}","templated":true}]}}