{"id":821,"date":"2024-05-15T12:14:54","date_gmt":"2024-05-15T11:14:54","guid":{"rendered":"https:\/\/boutique.francois-golla.com\/?post_type=product&#038;p=821"},"modified":"2026-01-03T16:39:32","modified_gmt":"2026-01-03T15:39:32","slug":"pause-semaine-escapade-gourmande-golla","status":"publish","type":"product","link":"https:\/\/boutique.francois-golla.com\/?product=pause-semaine-escapade-gourmande-golla","title":{"rendered":"Pause semaine \u00ab\u00a0Escapade gourmande\u00a0\u00bb \u00ab\u00a0GOLLA\u00a0\u00bb Chambre traditionnelle"},"content":{"rendered":"<p>Offre valable pour 2 personnes  en semaine les mardis, mercredis et jeudis sur r\u00e9servation uniquement<br \/>\n2 Menus en 6 services (demi-pension le soir), la nuit\u00e9e en chambre Tradition et 2 petits d\u00e9jeuners<br \/>\nhors boissons et taxes de s\u00e9jour<br \/>\n<a href=\"https:\/\/boutique.francois-golla.com\/wp-content\/uploads\/2018\/01\/25440101_1520732024631359_9222534131277181159_o.jpg\"><img loading=\"lazy\" decoding=\"async\" src=\"https:\/\/boutique.francois-golla.com\/wp-content\/uploads\/2018\/01\/25440101_1520732024631359_9222534131277181159_o-300x201.jpg\" alt=\"\" width=\"300\" height=\"201\" class=\"alignnone size-medium wp-image-37\" srcset=\"https:\/\/boutique.francois-golla.com\/wp-content\/uploads\/2018\/01\/25440101_1520732024631359_9222534131277181159_o-300x201.jpg 300w, https:\/\/boutique.francois-golla.com\/wp-content\/uploads\/2018\/01\/25440101_1520732024631359_9222534131277181159_o-416x278.jpg 416w, https:\/\/boutique.francois-golla.com\/wp-content\/uploads\/2018\/01\/25440101_1520732024631359_9222534131277181159_o-768x514.jpg 768w, https:\/\/boutique.francois-golla.com\/wp-content\/uploads\/2018\/01\/25440101_1520732024631359_9222534131277181159_o-1024x685.jpg 1024w, https:\/\/boutique.francois-golla.com\/wp-content\/uploads\/2018\/01\/25440101_1520732024631359_9222534131277181159_o.jpg 2048w\" sizes=\"auto, (max-width: 300px) 100vw, 300px\" \/><\/a><\/p>\n","protected":false},"excerpt":{"rendered":"<p>Offre valable pour 2 personnes en semaine les mardis, mercredis et jeudis sur r\u00e9servation uniquement 2 Menus en 6 services (demi-pension le soir), la nuit\u00e9e en chambre Tradition et 2 petits d\u00e9jeuners hors boissons et taxes de s\u00e9jour<\/p>\n","protected":false},"featured_media":37,"template":"","meta":{"jetpack_post_was_ever_published":false,"jetpack_publicize_message":"","jetpack_publicize_feature_enabled":true,"jetpack_social_post_already_shared":true,"jetpack_social_options":{"image_generator_settings":{"template":"highway","default_image_id":0,"font":"","enabled":false},"version":2}},"product_brand":[],"product_cat":[44],"product_tag":[],"class_list":{"0":"post-821","1":"product","2":"type-product","3":"status-publish","4":"has-post-thumbnail","6":"product_cat-offres-speciales","8":"first","9":"instock","10":"taxable","11":"shipping-taxable","12":"purchasable","13":"product-type-simple"},"jetpack_publicize_connections":[],"jetpack_sharing_enabled":true,"_links":{"self":[{"href":"https:\/\/boutique.francois-golla.com\/index.php?rest_route=\/wp\/v2\/product\/821","targetHints":{"allow":["GET"]}}],"collection":[{"href":"https:\/\/boutique.francois-golla.com\/index.php?rest_route=\/wp\/v2\/product"}],"about":[{"href":"https:\/\/boutique.francois-golla.com\/index.php?rest_route=\/wp\/v2\/types\/product"}],"wp:featuredmedia":[{"embeddable":true,"href":"https:\/\/boutique.francois-golla.com\/index.php?rest_route=\/wp\/v2\/media\/37"}],"wp:attachment":[{"href":"https:\/\/boutique.francois-golla.com\/index.php?rest_route=%2Fwp%2Fv2%2Fmedia&parent=821"}],"wp:term":[{"taxonomy":"product_brand","embeddable":true,"href":"https:\/\/boutique.francois-golla.com\/index.php?rest_route=%2Fwp%2Fv2%2Fproduct_brand&post=821"},{"taxonomy":"product_cat","embeddable":true,"href":"https:\/\/boutique.francois-golla.com\/index.php?rest_route=%2Fwp%2Fv2%2Fproduct_cat&post=821"},{"taxonomy":"product_tag","embeddable":true,"href":"https:\/\/boutique.francois-golla.com\/index.php?rest_route=%2Fwp%2Fv2%2Fproduct_tag&post=821"}],"curies":[{"name":"wp","href":"https:\/\/api.w.org\/{rel}","templated":true}]}}