{"id":961,"date":"2024-11-25T18:11:56","date_gmt":"2024-11-25T17:11:56","guid":{"rendered":"https:\/\/boutique.francois-golla.com\/?post_type=product&#038;p=961"},"modified":"2026-04-03T13:10:24","modified_gmt":"2026-04-03T12:10:24","slug":"lecrin-peuple-bleu-la-golla-box-pour-2-tout-compris","status":"publish","type":"product","link":"https:\/\/boutique.francois-golla.com\/?product=lecrin-peuple-bleu-la-golla-box-pour-2-tout-compris","title":{"rendered":"L\u2019\u00c9crin Peuple Bleu &#8211; Box Menu &#038; boissons &#8211; pour 2 personnes &#8211; tout compris"},"content":{"rendered":"<p>Photo non contractuelle<br \/>\nR\u00e9servation obligatoire en indiquant votre num\u00e9ro de bon (sous r\u00e9serve de disponibilit\u00e9).<\/p>\n","protected":false},"excerpt":{"rendered":"<p>Prix pour 2 personnes.<\/p>\n<p>L\u2019\u00c9crin Peuple Bleu : Une Exp\u00e9rience Gastronomique Engag\u00e9e et Solidaire<\/p>\n<p>Cette offre exceptionnelle soutient une noble cause : une partie du prix de la box est revers\u00e9e \u00e0 Peuple Bleu, une association d\u00e9di\u00e9e \u00e0 la lutte contre les cancers masculins. <a href=\"http:\/\/www.peuple-bleu.com\" target=\"_blank\">www.peuple-bleu.com<\/a> <\/p>\n<p>Aux commandes, le talentueux chef Fran\u00e7ois Golla, qui sublime chaque ingr\u00e9dient pour vous offrir un menu D\u00e9couverte en 4 actes, \u00e0 choisir selon vos envies. Les accords mets-vins sont orchestr\u00e9s avec soin par Anne, sa soeur, dont la s\u00e9lection experte sublime chaque plat.<\/p>\n<p>L\u2019offre pour deux, \u00e0 <strong>279 \u20ac<\/strong> :<br \/>\n\t\u2022\t2 menus D\u00e9couverte en 4 actes, m\u00ealant cr\u00e9ativit\u00e9 et saveurs authentiques.<br \/>\n\t\u2022\t2 forfaits boissons, comprenant :<br \/>\n\t\u2022\t1 ap\u00e9ritif pour d\u00e9buter l\u2019exp\u00e9rience,<br \/>\n\t\u2022\t1\/2 bouteille d\u2019eau pour accompagner le repas,<br \/>\n\t\u2022\t3 verres de vins en parfait accord avec le menu,<br \/>\n\t\u2022\t1 boisson chaude pour terminer sur une note douce.<\/p>\n<p>l\u2019\u00c9crin Peuple Bleu, c\u2019est savourer un moment inoubliable \u00e0 deux, tout en soutenant une cause qui fait la diff\u00e9rence.<br \/>\nFaites de votre repas, ou cadeau de No\u00ebl un acte de solidarit\u00e9.<br \/>\n<a href=\"http:\/\/www.peuple-bleu.com\" target=\"_blank\">www.peuple-bleu.com<\/a><\/p>\n","protected":false},"featured_media":1660,"template":"","meta":{"jetpack_post_was_ever_published":false,"jetpack_publicize_message":"","jetpack_publicize_feature_enabled":true,"jetpack_social_post_already_shared":true,"jetpack_social_options":{"image_generator_settings":{"template":"highway","default_image_id":0,"font":"","enabled":false},"version":2}},"product_brand":[],"product_cat":[15,44],"product_tag":[],"class_list":{"0":"post-961","1":"product","2":"type-product","3":"status-publish","4":"has-post-thumbnail","6":"product_cat-menus","7":"product_cat-offres-speciales","9":"first","10":"instock","11":"taxable","12":"shipping-taxable","13":"purchasable","14":"product-type-simple"},"jetpack_publicize_connections":[],"jetpack_sharing_enabled":true,"_links":{"self":[{"href":"https:\/\/boutique.francois-golla.com\/index.php?rest_route=\/wp\/v2\/product\/961","targetHints":{"allow":["GET"]}}],"collection":[{"href":"https:\/\/boutique.francois-golla.com\/index.php?rest_route=\/wp\/v2\/product"}],"about":[{"href":"https:\/\/boutique.francois-golla.com\/index.php?rest_route=\/wp\/v2\/types\/product"}],"wp:featuredmedia":[{"embeddable":true,"href":"https:\/\/boutique.francois-golla.com\/index.php?rest_route=\/wp\/v2\/media\/1660"}],"wp:attachment":[{"href":"https:\/\/boutique.francois-golla.com\/index.php?rest_route=%2Fwp%2Fv2%2Fmedia&parent=961"}],"wp:term":[{"taxonomy":"product_brand","embeddable":true,"href":"https:\/\/boutique.francois-golla.com\/index.php?rest_route=%2Fwp%2Fv2%2Fproduct_brand&post=961"},{"taxonomy":"product_cat","embeddable":true,"href":"https:\/\/boutique.francois-golla.com\/index.php?rest_route=%2Fwp%2Fv2%2Fproduct_cat&post=961"},{"taxonomy":"product_tag","embeddable":true,"href":"https:\/\/boutique.francois-golla.com\/index.php?rest_route=%2Fwp%2Fv2%2Fproduct_tag&post=961"}],"curies":[{"name":"wp","href":"https:\/\/api.w.org\/{rel}","templated":true}]}}